{"id":12738,"date":"2025-08-18T16:36:04","date_gmt":"2025-08-18T14:36:04","guid":{"rendered":"https:\/\/www.dumonthaltero.com\/?page_id=12738"},"modified":"2025-08-18T16:36:04","modified_gmt":"2025-08-18T14:36:04","slug":"assemblee-generale-2025","status":"publish","type":"page","link":"https:\/\/www.dumonthaltero.com\/index.php\/saison-2024-2025\/assemblee-generale-2025\/","title":{"rendered":"Assembl\u00e9e g\u00e9n\u00e9rale 2025"},"content":{"rendered":"\n\t\t<style type=\"text\/css\">\n\t\t\t#gallery-1 {\n\t\t\t\tmargin: auto;\n\t\t\t}\n\t\t\t#gallery-1 .gallery-item {\n\t\t\t\tfloat: left;\n\t\t\t\tmargin-top: 10px;\n\t\t\t\ttext-align: center;\n\t\t\t\twidth: 25%;\n\t\t\t}\n\t\t\t#gallery-1 img {\n\t\t\t\tborder: 2px solid #cfcfcf;\n\t\t\t}\n\t\t\t#gallery-1 .gallery-caption {\n\t\t\t\tmargin-left: 0;\n\t\t\t}\n\t\t\t\/* see gallery_shortcode() in wp-includes\/media.php *\/\n\t\t<\/style>\n\t\t<div id='gallery-1' class='gallery galleryid-12738 gallery-columns-4 gallery-size-thumbnail'><dl class='gallery-item'>\n\t\t\t<dt class='gallery-icon landscape'>\n\t\t\t\t<a href='https:\/\/www.dumonthaltero.com\/wp-content\/uploads\/2025\/08\/IMG_5787.jpg'><img loading=\"lazy\" decoding=\"async\" width=\"150\" height=\"150\" src=\"https:\/\/www.dumonthaltero.com\/wp-content\/uploads\/2025\/08\/IMG_5787-150x150.jpg\" class=\"attachment-thumbnail size-thumbnail\" alt=\"\" \/><\/a>\n\t\t\t<\/dt><\/dl><dl class='gallery-item'>\n\t\t\t<dt class='gallery-icon landscape'>\n\t\t\t\t<a href='https:\/\/www.dumonthaltero.com\/wp-content\/uploads\/2025\/08\/IMG_5788.jpg'><img loading=\"lazy\" decoding=\"async\" width=\"150\" height=\"150\" src=\"https:\/\/www.dumonthaltero.com\/wp-content\/uploads\/2025\/08\/IMG_5788-150x150.jpg\" class=\"attachment-thumbnail size-thumbnail\" alt=\"\" \/><\/a>\n\t\t\t<\/dt><\/dl><dl class='gallery-item'>\n\t\t\t<dt class='gallery-icon landscape'>\n\t\t\t\t<a href='https:\/\/www.dumonthaltero.com\/wp-content\/uploads\/2025\/08\/IMG_5789.jpg'><img loading=\"lazy\" decoding=\"async\" width=\"150\" height=\"150\" src=\"https:\/\/www.dumonthaltero.com\/wp-content\/uploads\/2025\/08\/IMG_5789-150x150.jpg\" class=\"attachment-thumbnail size-thumbnail\" alt=\"\" \/><\/a>\n\t\t\t<\/dt><\/dl><dl class='gallery-item'>\n\t\t\t<dt class='gallery-icon landscape'>\n\t\t\t\t<a href='https:\/\/www.dumonthaltero.com\/wp-content\/uploads\/2025\/08\/IMG_5790.jpg'><img loading=\"lazy\" decoding=\"async\" width=\"150\" height=\"150\" src=\"https:\/\/www.dumonthaltero.com\/wp-content\/uploads\/2025\/08\/IMG_5790-150x150.jpg\" class=\"attachment-thumbnail size-thumbnail\" alt=\"\" \/><\/a>\n\t\t\t<\/dt><\/dl><br style=\"clear: both\" \/><dl class='gallery-item'>\n\t\t\t<dt class='gallery-icon landscape'>\n\t\t\t\t<a href='https:\/\/www.dumonthaltero.com\/wp-content\/uploads\/2025\/08\/IMG_5791.jpg'><img loading=\"lazy\" decoding=\"async\" width=\"150\" height=\"150\" src=\"https:\/\/www.dumonthaltero.com\/wp-content\/uploads\/2025\/08\/IMG_5791-150x150.jpg\" class=\"attachment-thumbnail size-thumbnail\" alt=\"\" \/><\/a>\n\t\t\t<\/dt><\/dl><dl class='gallery-item'>\n\t\t\t<dt class='gallery-icon landscape'>\n\t\t\t\t<a href='https:\/\/www.dumonthaltero.com\/wp-content\/uploads\/2025\/08\/IMG_5792.jpg'><img loading=\"lazy\" decoding=\"async\" width=\"150\" height=\"150\" src=\"https:\/\/www.dumonthaltero.com\/wp-content\/uploads\/2025\/08\/IMG_5792-150x150.jpg\" class=\"attachment-thumbnail size-thumbnail\" alt=\"\" \/><\/a>\n\t\t\t<\/dt><\/dl><dl class='gallery-item'>\n\t\t\t<dt class='gallery-icon landscape'>\n\t\t\t\t<a href='https:\/\/www.dumonthaltero.com\/wp-content\/uploads\/2025\/08\/IMG_5793.jpg'><img loading=\"lazy\" decoding=\"async\" width=\"150\" height=\"150\" src=\"https:\/\/www.dumonthaltero.com\/wp-content\/uploads\/2025\/08\/IMG_5793-150x150.jpg\" class=\"attachment-thumbnail size-thumbnail\" alt=\"\" \/><\/a>\n\t\t\t<\/dt><\/dl><dl class='gallery-item'>\n\t\t\t<dt class='gallery-icon landscape'>\n\t\t\t\t<a href='https:\/\/www.dumonthaltero.com\/wp-content\/uploads\/2025\/08\/IMG_5794.jpg'><img loading=\"lazy\" decoding=\"async\" width=\"150\" height=\"150\" src=\"https:\/\/www.dumonthaltero.com\/wp-content\/uploads\/2025\/08\/IMG_5794-150x150.jpg\" class=\"attachment-thumbnail size-thumbnail\" alt=\"\" \/><\/a>\n\t\t\t<\/dt><\/dl><br style=\"clear: both\" \/>\n\t\t<\/div>\n\n","protected":false},"excerpt":{"rendered":"","protected":false},"author":8,"featured_media":0,"parent":12246,"menu_order":0,"comment_status":"closed","ping_status":"closed","template":"","meta":{"footnotes":""},"class_list":["post-12738","page","type-page","status-publish","hentry"],"_links":{"self":[{"href":"https:\/\/www.dumonthaltero.com\/index.php\/wp-json\/wp\/v2\/pages\/12738"}],"collection":[{"href":"https:\/\/www.dumonthaltero.com\/index.php\/wp-json\/wp\/v2\/pages"}],"about":[{"href":"https:\/\/www.dumonthaltero.com\/index.php\/wp-json\/wp\/v2\/types\/page"}],"author":[{"embeddable":true,"href":"https:\/\/www.dumonthaltero.com\/index.php\/wp-json\/wp\/v2\/users\/8"}],"replies":[{"embeddable":true,"href":"https:\/\/www.dumonthaltero.com\/index.php\/wp-json\/wp\/v2\/comments?post=12738"}],"version-history":[{"count":1,"href":"https:\/\/www.dumonthaltero.com\/index.php\/wp-json\/wp\/v2\/pages\/12738\/revisions"}],"predecessor-version":[{"id":12747,"href":"https:\/\/www.dumonthaltero.com\/index.php\/wp-json\/wp\/v2\/pages\/12738\/revisions\/12747"}],"up":[{"embeddable":true,"href":"https:\/\/www.dumonthaltero.com\/index.php\/wp-json\/wp\/v2\/pages\/12246"}],"wp:attachment":[{"href":"https:\/\/www.dumonthaltero.com\/index.php\/wp-json\/wp\/v2\/media?parent=12738"}],"curies":[{"name":"wp","href":"https:\/\/api.w.org\/{rel}","templated":true}]}}